{"id":10537,"date":"2021-03-19T18:15:05","date_gmt":"2021-03-19T18:15:05","guid":{"rendered":"https:\/\/jardindecorazones.cl\/?post_type=product&#038;p=10537"},"modified":"2022-03-07T16:29:58","modified_gmt":"2022-03-07T16:29:58","slug":"fusion-asymmetric","status":"publish","type":"product","link":"https:\/\/jardindecorazones.cl\/?product=fusion-asymmetric","title":{"rendered":"Fusi\u00f3n Asymmetric"},"content":{"rendered":"\t\t<div data-elementor-type=\"wp-post\" data-elementor-id=\"10537\" class=\"elementor elementor-10537\">\n\t\t\t\t\t\t<section class=\"wd-negative-gap elementor-section elementor-top-section elementor-element elementor-element-6167868 elementor-section-content-top elementor-section-boxed elementor-section-height-default elementor-section-height-default\" data-id=\"6167868\" data-element_type=\"section\" data-e-type=\"section\">\n\t\t\t\t\t\t<div class=\"elementor-container elementor-column-gap-extended\">\n\t\t\t\t\t<div class=\"elementor-column elementor-col-66 elementor-top-column elementor-element elementor-element-8339119\" data-id=\"8339119\" data-element_type=\"column\" data-e-type=\"column\">\n\t\t\t<div class=\"elementor-widget-wrap elementor-element-populated\">\n\t\t\t\t\t\t<div class=\"elementor-element elementor-element-7442593 wd-width-100 elementor-widget elementor-widget-wd_title\" data-id=\"7442593\" data-element_type=\"widget\" data-e-type=\"widget\" data-widget_type=\"wd_title.default\">\n\t\t\t\t<div class=\"elementor-widget-container\">\n\t\t\t\t\t\t\t<div class=\"title-wrapper wd-set-mb reset-last-child wd-title-color-default wd-title-style-default wd-title-size-small text-left\">\n\n\t\t\t\n\t\t\t<div class=\"liner-continer\">\n\t\t\t\t<h4 class=\"woodmart-title-container title wd-fontsize-m\"><span style=\"font-weight:normal\"><p><span style=\"font-size: 9pt;font-family: Arial;font-weight: 700;font-style: normal;font-variant: normal\">Fusi\u00f3n Asymmetric<\/span><\/p><span style=\"font-size: 9pt;font-family: Arial;font-weight: 700;font-style: normal;font-variant: normal\"><br><\/span><\/span><\/h4> \n\t\t\t\t\t\t\t<\/div>\n\n\t\t\t\t\t<\/div>\n\t\t\t\t\t\t<\/div>\n\t\t\t\t<\/div>\n\t\t\t\t<div class=\"elementor-element elementor-element-4067904 color-scheme-inherit text-left elementor-widget elementor-widget-text-editor\" data-id=\"4067904\" data-element_type=\"widget\" data-e-type=\"widget\" data-widget_type=\"text-editor.default\">\n\t\t\t\t<div class=\"elementor-widget-container\">\n\t\t\t\t\t\t\t\t\t<p><span style=\"font-weight: 400;\">Resalta a\u00fan m\u00e1s tu estilo con estos hermosos aros asim\u00e9tricos, la mejor forma de llevarlos es tener el cabello recogido o las orejas descubiertas, as\u00ed se lucir\u00e1n m\u00e1s y ser\u00e1n el centro de atenci\u00f3n en tu look.<\/span><\/p><p><span style=\"font-weight: 400;\">Son un accesorio perfecto para acompa\u00f1arte a diario y aportar un toque divertido con sus asimetr\u00edas, <\/span><span style=\"font-weight: 400;\">ideal para lucir con todo tipo de tenidas, ya sean m\u00e1s formales o bien casuales.\u00a0<\/span><\/p><p><span style=\"font-weight: 400;\">Todo depende de ti.<\/span><\/p><p><span style=\"font-weight: 400;\">\u00bfTe atreves a usarlos? <\/span><\/p>\t\t\t\t\t\t\t\t<\/div>\n\t\t\t\t<\/div>\n\t\t\t\t<section class=\"wd-negative-gap elementor-section elementor-inner-section elementor-element elementor-element-6369213 elementor-section-boxed elementor-section-height-default elementor-section-height-default\" data-id=\"6369213\" data-element_type=\"section\" data-e-type=\"section\">\n\t\t\t\t\t\t<div class=\"elementor-container elementor-column-gap-default\">\n\t\t\t\t\t<div class=\"elementor-column elementor-col-50 elementor-inner-column elementor-element elementor-element-8280205\" data-id=\"8280205\" data-element_type=\"column\" data-e-type=\"column\">\n\t\t\t<div class=\"elementor-widget-wrap elementor-element-populated\">\n\t\t\t\t\t\t<div class=\"elementor-element elementor-element-8bdab3d elementor-widget elementor-widget-heading\" data-id=\"8bdab3d\" data-element_type=\"widget\" data-e-type=\"widget\" data-widget_type=\"heading.default\">\n\t\t\t\t<div class=\"elementor-widget-container\">\n\t\t\t\t\t<h6 class=\"elementor-heading-title elementor-size-default\">Informaci\u00f3n del producto<\/h6>\t\t\t\t<\/div>\n\t\t\t\t<\/div>\n\t\t\t\t<div class=\"elementor-element elementor-element-8071c43 elementor-icon-list--layout-traditional elementor-list-item-link-full_width elementor-widget elementor-widget-icon-list\" data-id=\"8071c43\" data-element_type=\"widget\" data-e-type=\"widget\" data-widget_type=\"icon-list.default\">\n\t\t\t\t<div class=\"elementor-widget-container\">\n\t\t\t\t\t\t\t<ul class=\"elementor-icon-list-items\">\n\t\t\t\t\t\t\t<li class=\"elementor-icon-list-item\">\n\t\t\t\t\t\t\t\t\t\t<span class=\"elementor-icon-list-text\">Materiales: resina.<\/span>\n\t\t\t\t\t\t\t\t\t<\/li>\n\t\t\t\t\t\t\t\t<li class=\"elementor-icon-list-item\">\n\t\t\t\t\t\t\t\t\t\t<span class=\"elementor-icon-list-text\">Tipo de metal: aleaci\u00f3n de zinc<\/span>\n\t\t\t\t\t\t\t\t\t<\/li>\n\t\t\t\t\t\t<\/ul>\n\t\t\t\t\t\t<\/div>\n\t\t\t\t<\/div>\n\t\t\t\t\t<\/div>\n\t\t<\/div>\n\t\t\t\t<div class=\"elementor-column elementor-col-50 elementor-top-column elementor-element elementor-element-1440327\" data-id=\"1440327\" data-element_type=\"column\" data-e-type=\"column\">\n\t\t\t<div class=\"elementor-widget-wrap\">\n\t\t\t\t\t\t\t<\/div>\n\t\t<\/div>\n\t\t\t\t\t<\/div>\n\t\t<\/section>\n\t\t\t\t\t<\/div>\n\t\t<\/div>\n\t\t\t\t<div class=\"elementor-column elementor-col-33 elementor-top-column elementor-element elementor-element-7073452\" data-id=\"7073452\" data-element_type=\"column\" data-e-type=\"column\">\n\t\t\t<div class=\"elementor-widget-wrap elementor-element-populated\">\n\t\t\t\t\t\t<div class=\"elementor-element elementor-element-e1d6b5e wd-width-100 elementor-widget elementor-widget-wd_title\" data-id=\"e1d6b5e\" data-element_type=\"widget\" data-e-type=\"widget\" data-widget_type=\"wd_title.default\">\n\t\t\t\t<div class=\"elementor-widget-container\">\n\t\t\t\t\t\t\t<div class=\"title-wrapper wd-set-mb reset-last-child wd-title-color-default wd-title-style-default wd-title-size-small text-left\">\n\n\t\t\t\n\t\t\t<div class=\"liner-continer\">\n\t\t\t\t<h4 class=\"woodmart-title-container title wd-fontsize-m\">Como encontrarnos<\/h4> \n\t\t\t\t\t\t\t<\/div>\n\n\t\t\t\t\t<\/div>\n\t\t\t\t\t\t<\/div>\n\t\t\t\t<\/div>\n\t\t\t\t<div class=\"elementor-element elementor-element-29ba408 color-scheme-inherit text-left elementor-widget elementor-widget-text-editor\" data-id=\"29ba408\" data-element_type=\"widget\" data-e-type=\"widget\" data-widget_type=\"text-editor.default\">\n\t\t\t\t<div class=\"elementor-widget-container\">\n\t\t\t\t\t\t\t\t\t<p>Puedes encontrarnos en cualquiera de las siguientes direcciones web.<\/p>\t\t\t\t\t\t\t\t<\/div>\n\t\t\t\t<\/div>\n\t\t\t\t<div class=\"elementor-element elementor-element-c1f5272 elementor-icon-list--layout-traditional elementor-list-item-link-full_width elementor-widget elementor-widget-icon-list\" data-id=\"c1f5272\" data-element_type=\"widget\" data-e-type=\"widget\" data-widget_type=\"icon-list.default\">\n\t\t\t\t<div class=\"elementor-widget-container\">\n\t\t\t\t\t\t\t<ul class=\"elementor-icon-list-items\">\n\t\t\t\t\t\t\t<li class=\"elementor-icon-list-item\">\n\t\t\t\t\t\t\t\t\t\t\t<a href=\"https:\/\/www.instagram.com\/jardindecorazones.cl\" target=\"_blank\">\n\n\t\t\t\t\t\t\t\t\t\t\t\t<span class=\"elementor-icon-list-icon\">\n\t\t\t\t\t\t\t<i aria-hidden=\"true\" class=\"fab fa-instagram\"><\/i>\t\t\t\t\t\t<\/span>\n\t\t\t\t\t\t\t\t\t\t<span class=\"elementor-icon-list-text\">Instagram: jardindecorazones.cl<\/span>\n\t\t\t\t\t\t\t\t\t\t\t<\/a>\n\t\t\t\t\t\t\t\t\t<\/li>\n\t\t\t\t\t\t\t\t<li class=\"elementor-icon-list-item\">\n\t\t\t\t\t\t\t\t\t\t\t<a href=\"https:\/\/wa.me\/56995924088\" target=\"_blank\">\n\n\t\t\t\t\t\t\t\t\t\t\t\t<span class=\"elementor-icon-list-icon\">\n\t\t\t\t\t\t\t<i aria-hidden=\"true\" class=\"fas fa-mobile-alt\"><\/i>\t\t\t\t\t\t<\/span>\n\t\t\t\t\t\t\t\t\t\t<span class=\"elementor-icon-list-text\">Tel\u00e9fono: +569  95924088<\/span>\n\t\t\t\t\t\t\t\t\t\t\t<\/a>\n\t\t\t\t\t\t\t\t\t<\/li>\n\t\t\t\t\t\t\t\t<li class=\"elementor-icon-list-item\">\n\t\t\t\t\t\t\t\t\t\t\t<span class=\"elementor-icon-list-icon\">\n\t\t\t\t\t\t\t<i aria-hidden=\"true\" class=\"far fa-envelope\"><\/i>\t\t\t\t\t\t<\/span>\n\t\t\t\t\t\t\t\t\t\t<span class=\"elementor-icon-list-text\">Correo: contacto@cg2.a78.myftpupload.com<\/span>\n\t\t\t\t\t\t\t\t\t<\/li>\n\t\t\t\t\t\t<\/ul>\n\t\t\t\t\t\t<\/div>\n\t\t\t\t<\/div>\n\t\t\t\t\t<\/div>\n\t\t<\/div>\n\t\t\t\t\t<\/div>\n\t\t<\/section>\n\t\t\t\t<\/div>\n\t\t","protected":false},"excerpt":{"rendered":"<p><span style=\"font-weight: 400;\">Resalta a\u00fan m\u00e1s tu estilo con estos hermosos aros asim\u00e9tricos, la mejor forma de llevarlos es tener el cabello recogido o las orejas descubiertas, as\u00ed se lucir\u00e1n m\u00e1s y ser\u00e1n el centro de atenci\u00f3n en tu look.<\/span><\/p>\n<p><span style=\"font-weight: 400;\">Son un accesorio perfecto para acompa\u00f1arte a diario y aportar un toque divertido con sus asimetr\u00edas, <\/span><span style=\"font-weight: 400;\">ideal para lucir con todo tipo de tenidas, ya sean m\u00e1s formales o bien casuales.\u00a0<\/span><\/p>\n<p><span style=\"font-weight: 400;\">Todo depende de ti.<\/span><\/p>\n<p><span style=\"font-weight: 400;\">\u00bfTe atreves a usarlos? <\/span><\/p>\n","protected":false},"featured_media":10454,"comment_status":"open","ping_status":"closed","template":"","meta":[],"product_brand":[],"product_cat":[43],"product_tag":[72,66,67,87,85],"class_list":{"0":"post-10537","1":"product","2":"type-product","3":"status-publish","4":"has-post-thumbnail","6":"product_cat-aros","7":"product_tag-amarillo","8":"product_tag-aros","9":"product_tag-corazon","10":"product_tag-negro","11":"product_tag-rojo","12":"product_shipping_class-gastos-de-envio","14":"first","15":"instock","16":"sale","17":"taxable","18":"shipping-taxable","19":"purchasable","20":"product-type-simple"},"_links":{"self":[{"href":"https:\/\/jardindecorazones.cl\/index.php?rest_route=\/wp\/v2\/product\/10537","targetHints":{"allow":["GET"]}}],"collection":[{"href":"https:\/\/jardindecorazones.cl\/index.php?rest_route=\/wp\/v2\/product"}],"about":[{"href":"https:\/\/jardindecorazones.cl\/index.php?rest_route=\/wp\/v2\/types\/product"}],"replies":[{"embeddable":true,"href":"https:\/\/jardindecorazones.cl\/index.php?rest_route=%2Fwp%2Fv2%2Fcomments&post=10537"}],"version-history":[{"count":6,"href":"https:\/\/jardindecorazones.cl\/index.php?rest_route=\/wp\/v2\/product\/10537\/revisions"}],"predecessor-version":[{"id":10543,"href":"https:\/\/jardindecorazones.cl\/index.php?rest_route=\/wp\/v2\/product\/10537\/revisions\/10543"}],"wp:featuredmedia":[{"embeddable":true,"href":"https:\/\/jardindecorazones.cl\/index.php?rest_route=\/wp\/v2\/media\/10454"}],"wp:attachment":[{"href":"https:\/\/jardindecorazones.cl\/index.php?rest_route=%2Fwp%2Fv2%2Fmedia&parent=10537"}],"wp:term":[{"taxonomy":"product_brand","embeddable":true,"href":"https:\/\/jardindecorazones.cl\/index.php?rest_route=%2Fwp%2Fv2%2Fproduct_brand&post=10537"},{"taxonomy":"product_cat","embeddable":true,"href":"https:\/\/jardindecorazones.cl\/index.php?rest_route=%2Fwp%2Fv2%2Fproduct_cat&post=10537"},{"taxonomy":"product_tag","embeddable":true,"href":"https:\/\/jardindecorazones.cl\/index.php?rest_route=%2Fwp%2Fv2%2Fproduct_tag&post=10537"}],"curies":[{"name":"wp","href":"https:\/\/api.w.org\/{rel}","templated":true}]}}