{"id":658,"date":"2017-06-27T06:45:25","date_gmt":"2017-06-27T06:45:25","guid":{"rendered":"http:\/\/dummy.xtemos.com\/woodmart-elementor\/demos\/?page_id=658"},"modified":"2021-06-19T17:59:57","modified_gmt":"2021-06-19T17:59:57","slug":"faqs","status":"publish","type":"page","link":"https:\/\/jardindecorazones.cl\/?page_id=658","title":{"rendered":"Preguntas frecuentes"},"content":{"rendered":"\t\t<div data-elementor-type=\"wp-page\" data-elementor-id=\"658\" class=\"elementor elementor-658\">\n\t\t\t\t\t\t<section class=\"wd-negative-gap elementor-section elementor-top-section elementor-element elementor-element-6556611 elementor-section-boxed elementor-section-height-default elementor-section-height-default\" data-id=\"6556611\" data-element_type=\"section\" data-e-type=\"section\">\n\t\t\t\t\t\t<div class=\"elementor-container elementor-column-gap-default\">\n\t\t\t\t\t<div class=\"elementor-column elementor-col-50 elementor-top-column elementor-element elementor-element-5525711\" data-id=\"5525711\" data-element_type=\"column\" data-e-type=\"column\">\n\t\t\t<div class=\"elementor-widget-wrap elementor-element-populated\">\n\t\t\t\t\t\t<div class=\"elementor-element elementor-element-9079234 wd-width-100 elementor-widget elementor-widget-wd_title\" data-id=\"9079234\" data-element_type=\"widget\" data-e-type=\"widget\" data-widget_type=\"wd_title.default\">\n\t\t\t\t<div class=\"elementor-widget-container\">\n\t\t\t\t\t\t\t<div class=\"title-wrapper wd-set-mb reset-last-child wd-title-color-default wd-title-style-default wd-title-size-default text-left\">\n\n\t\t\t\n\t\t\t<div class=\"liner-continer\">\n\t\t\t\t<h4 class=\"woodmart-title-container title wd-fontsize-l\">PREGUNTAS SOBRE LAS COMPRAS<\/h4> \n\t\t\t\t\t\t\t<\/div>\n\n\t\t\t\t\t<\/div>\n\t\t\t\t\t\t<\/div>\n\t\t\t\t<\/div>\n\t\t\t\t<div class=\"elementor-element elementor-element-8278808 wd-accordion-theme-style elementor-widget elementor-widget-accordion\" data-id=\"8278808\" data-element_type=\"widget\" data-e-type=\"widget\" data-widget_type=\"accordion.default\">\n\t\t\t\t<div class=\"elementor-widget-container\">\n\t\t\t\t\t\t\t<div class=\"elementor-accordion\">\n\t\t\t\t\t\t\t<div class=\"elementor-accordion-item\">\n\t\t\t\t\t<div id=\"elementor-tab-title-1361\" class=\"elementor-tab-title\" data-tab=\"1\" role=\"button\" aria-controls=\"elementor-tab-content-1361\" aria-expanded=\"false\">\n\t\t\t\t\t\t\t\t\t\t\t\t\t<span class=\"elementor-accordion-icon elementor-accordion-icon-right\" aria-hidden=\"true\">\n\t\t\t\t\t\t\t\t\t\t\t\t\t\t\t<span class=\"elementor-accordion-icon-closed\"><i class=\"fas fa-chevron-down\"><\/i><\/span>\n\t\t\t\t\t\t\t\t<span class=\"elementor-accordion-icon-opened\"><i class=\"fas fa-chevron-up\"><\/i><\/span>\n\t\t\t\t\t\t\t\t\t\t\t\t\t\t<\/span>\n\t\t\t\t\t\t\t\t\t\t\t\t<a class=\"elementor-accordion-title\" tabindex=\"0\">\u00bfExiste un monto m\u00ednimo de compra?<\/a>\n\t\t\t\t\t<\/div>\n\t\t\t\t\t<div id=\"elementor-tab-content-1361\" class=\"elementor-tab-content elementor-clearfix\" data-tab=\"1\" role=\"region\" aria-labelledby=\"elementor-tab-title-1361\"><p><span style=\"font-weight: 400;\">S\u00ed, El m\u00ednimo de compra es de 2 accesorios, esto es por los gastos que realizamos en nuestro packaging.<\/span><\/p><\/div>\n\t\t\t\t<\/div>\n\t\t\t\t\t\t\t<div class=\"elementor-accordion-item\">\n\t\t\t\t\t<div id=\"elementor-tab-title-1362\" class=\"elementor-tab-title\" data-tab=\"2\" role=\"button\" aria-controls=\"elementor-tab-content-1362\" aria-expanded=\"false\">\n\t\t\t\t\t\t\t\t\t\t\t\t\t<span class=\"elementor-accordion-icon elementor-accordion-icon-right\" aria-hidden=\"true\">\n\t\t\t\t\t\t\t\t\t\t\t\t\t\t\t<span class=\"elementor-accordion-icon-closed\"><i class=\"fas fa-chevron-down\"><\/i><\/span>\n\t\t\t\t\t\t\t\t<span class=\"elementor-accordion-icon-opened\"><i class=\"fas fa-chevron-up\"><\/i><\/span>\n\t\t\t\t\t\t\t\t\t\t\t\t\t\t<\/span>\n\t\t\t\t\t\t\t\t\t\t\t\t<a class=\"elementor-accordion-title\" tabindex=\"0\">\u00bfCu\u00e1les son las formas de pago?<\/a>\n\t\t\t\t\t<\/div>\n\t\t\t\t\t<div id=\"elementor-tab-content-1362\" class=\"elementor-tab-content elementor-clearfix\" data-tab=\"2\" role=\"region\" aria-labelledby=\"elementor-tab-title-1362\"><p><span style=\"font-weight: 400;\">Actualmente en Jard\u00edn de Corazones aceptamos Transbank y Khipu a trav\u00e9s de la plataforma de Pago F\u00e1cil.<\/span><\/p><\/div>\n\t\t\t\t<\/div>\n\t\t\t\t\t\t\t<div class=\"elementor-accordion-item\">\n\t\t\t\t\t<div id=\"elementor-tab-title-1363\" class=\"elementor-tab-title\" data-tab=\"3\" role=\"button\" aria-controls=\"elementor-tab-content-1363\" aria-expanded=\"false\">\n\t\t\t\t\t\t\t\t\t\t\t\t\t<span class=\"elementor-accordion-icon elementor-accordion-icon-right\" aria-hidden=\"true\">\n\t\t\t\t\t\t\t\t\t\t\t\t\t\t\t<span class=\"elementor-accordion-icon-closed\"><i class=\"fas fa-chevron-down\"><\/i><\/span>\n\t\t\t\t\t\t\t\t<span class=\"elementor-accordion-icon-opened\"><i class=\"fas fa-chevron-up\"><\/i><\/span>\n\t\t\t\t\t\t\t\t\t\t\t\t\t\t<\/span>\n\t\t\t\t\t\t\t\t\t\t\t\t<a class=\"elementor-accordion-title\" tabindex=\"0\">\u00bfQu\u00e9 d\u00eda se realizan los despachos?<\/a>\n\t\t\t\t\t<\/div>\n\t\t\t\t\t<div id=\"elementor-tab-content-1363\" class=\"elementor-tab-content elementor-clearfix\" data-tab=\"3\" role=\"region\" aria-labelledby=\"elementor-tab-title-1363\"><p><span style=\"font-weight: 400;\">Los pedidos ser\u00e1n enviados 2 veces a la semana:<\/span><\/p><p><span style=\"font-weight: 400;\">Los d\u00edas\u00a0<\/span><b>MI\u00c9RCOLES<\/b><span style=\"font-weight: 400;\"> y <\/span><b>S\u00c1BADOS<\/b><span style=\"font-weight: 400;\">.<\/span><\/p><p><span style=\"font-weight: 400;\">(Pero hacemos excepciones, preg\u00fantanos y te podremos ayudar <\/span><span style=\"font-weight: 400;\">\u263a<\/span><span style=\"font-weight: 400;\">)<\/span><\/p><\/div>\n\t\t\t\t<\/div>\n\t\t\t\t\t\t\t<div class=\"elementor-accordion-item\">\n\t\t\t\t\t<div id=\"elementor-tab-title-1364\" class=\"elementor-tab-title\" data-tab=\"4\" role=\"button\" aria-controls=\"elementor-tab-content-1364\" aria-expanded=\"false\">\n\t\t\t\t\t\t\t\t\t\t\t\t\t<span class=\"elementor-accordion-icon elementor-accordion-icon-right\" aria-hidden=\"true\">\n\t\t\t\t\t\t\t\t\t\t\t\t\t\t\t<span class=\"elementor-accordion-icon-closed\"><i class=\"fas fa-chevron-down\"><\/i><\/span>\n\t\t\t\t\t\t\t\t<span class=\"elementor-accordion-icon-opened\"><i class=\"fas fa-chevron-up\"><\/i><\/span>\n\t\t\t\t\t\t\t\t\t\t\t\t\t\t<\/span>\n\t\t\t\t\t\t\t\t\t\t\t\t<a class=\"elementor-accordion-title\" tabindex=\"0\">\u00bfC\u00f3mo env\u00edan mis accesorios?<\/a>\n\t\t\t\t\t<\/div>\n\t\t\t\t\t<div id=\"elementor-tab-content-1364\" class=\"elementor-tab-content elementor-clearfix\" data-tab=\"4\" role=\"region\" aria-labelledby=\"elementor-tab-title-1364\"><p><span style=\"font-weight: 400;\">Los pedidos los podemos a enviar a domicilio o sucursal que tu escojas.<\/span><\/p><p><span style=\"font-weight: 400;\">Dentro\u00a0de la<\/span><b> Regi\u00f3n Metropolitana<\/b><span style=\"font-weight: 400;\">\u00a0se enviar\u00e1n a trav\u00e9s de Correos de Chile, Starken o Chilexpress.<\/span><\/p><p><span style=\"font-weight: 400;\">Nos contactaremos contigo, tras ser enviado tu numero de seguimiento, se demorar\u00e1 entre <\/span><b>3-5 d\u00edas h\u00e1biles<\/b><span style=\"font-weight: 400;\"> en llegar tu cajita.\u00a0<\/span><\/p><p><span style=\"font-weight: 400;\">Los pedidos a\u00a0<\/span><b>otras Regiones<\/b><span style=\"font-weight: 400;\">\u00a0tambi\u00e9n se enviar\u00e1n a trav\u00e9s de Correos de Chile, Starken o Chilexpress.<\/span><\/p><p><span style=\"font-weight: 400;\">Nos contactaremos contigo, tras ser enviado tu numero de seguimiento, dependiendo de la regi\u00f3n podr\u00edan tardar de <\/span><b>3 a 10 d\u00edas h\u00e1biles<\/b><span style=\"font-weight: 400;\">.<\/span><\/p><p><span style=\"font-weight: 400;\">Es importante que llenes todos los datos correctamente, pues estas empresas de env\u00edos no aceptan pedidos que no incluyan: direcci\u00f3n completa, comuna, celular y si deseas puedes agregar alguna referencia para encontrar la direcci\u00f3n.<\/span><\/p><p><span style=\"font-weight: 400;\">Ante cualquier duda o sugerencia cont\u00e1ctanos.<\/span><\/p><\/div>\n\t\t\t\t<\/div>\n\t\t\t\t\t\t\t<div class=\"elementor-accordion-item\">\n\t\t\t\t\t<div id=\"elementor-tab-title-1365\" class=\"elementor-tab-title\" data-tab=\"5\" role=\"button\" aria-controls=\"elementor-tab-content-1365\" aria-expanded=\"false\">\n\t\t\t\t\t\t\t\t\t\t\t\t\t<span class=\"elementor-accordion-icon elementor-accordion-icon-right\" aria-hidden=\"true\">\n\t\t\t\t\t\t\t\t\t\t\t\t\t\t\t<span class=\"elementor-accordion-icon-closed\"><i class=\"fas fa-chevron-down\"><\/i><\/span>\n\t\t\t\t\t\t\t\t<span class=\"elementor-accordion-icon-opened\"><i class=\"fas fa-chevron-up\"><\/i><\/span>\n\t\t\t\t\t\t\t\t\t\t\t\t\t\t<\/span>\n\t\t\t\t\t\t\t\t\t\t\t\t<a class=\"elementor-accordion-title\" tabindex=\"0\">\u00bfCu\u00e1l es el valor de despacho?<\/a>\n\t\t\t\t\t<\/div>\n\t\t\t\t\t<div id=\"elementor-tab-content-1365\" class=\"elementor-tab-content elementor-clearfix\" data-tab=\"5\" role=\"region\" aria-labelledby=\"elementor-tab-title-1365\"><p><span style=\"font-weight: 400;\">El env\u00edo a :<\/span><\/p><p><span style=\"font-weight: 400;\">Region metropolitana es de 3.800<\/span><\/p><p><span style=\"font-weight: 400;\">A otras regiones es de 4.800<\/span><\/p><p><span style=\"font-weight: 400;\">Desde cuatro accesorios env\u00edo gratis a todo <\/span><span style=\"font-weight: 400;\">\ud83c\udde8\ud83c\uddf1<\/span><span style=\"font-weight: 400;\">\u00a0<\/span><\/p><\/div>\n\t\t\t\t<\/div>\n\t\t\t\t\t\t\t<div class=\"elementor-accordion-item\">\n\t\t\t\t\t<div id=\"elementor-tab-title-1366\" class=\"elementor-tab-title\" data-tab=\"6\" role=\"button\" aria-controls=\"elementor-tab-content-1366\" aria-expanded=\"false\">\n\t\t\t\t\t\t\t\t\t\t\t\t\t<span class=\"elementor-accordion-icon elementor-accordion-icon-right\" aria-hidden=\"true\">\n\t\t\t\t\t\t\t\t\t\t\t\t\t\t\t<span class=\"elementor-accordion-icon-closed\"><i class=\"fas fa-chevron-down\"><\/i><\/span>\n\t\t\t\t\t\t\t\t<span class=\"elementor-accordion-icon-opened\"><i class=\"fas fa-chevron-up\"><\/i><\/span>\n\t\t\t\t\t\t\t\t\t\t\t\t\t\t<\/span>\n\t\t\t\t\t\t\t\t\t\t\t\t<a class=\"elementor-accordion-title\" tabindex=\"0\">\u00bfEs obligatorio pagar a Jard\u00edn de Corazones el despacho?<\/a>\n\t\t\t\t\t<\/div>\n\t\t\t\t\t<div id=\"elementor-tab-content-1366\" class=\"elementor-tab-content elementor-clearfix\" data-tab=\"6\" role=\"region\" aria-labelledby=\"elementor-tab-title-1366\"><p><span style=\"font-weight: 400;\">No, para esto\u2026 al momento de pagar, puedes colocar la opcion \u201cpor pagar en sucursal\u201d, esto significa que al momento de retirar en sucursal se cobrara tu despacho.<\/span><\/p><p><span style=\"font-weight: 400;\">Debes acudir a la\u00a0<\/span><b>oficina seleccionada por ti al momento de comprar<\/b><span style=\"font-weight: 400;\"> (a donde se enviar\u00e1 el producto).\u00a0 <\/span><span style=\"font-weight: 400;\">All\u00ed deberas presentar tu c\u00e9dula de identidad y\u00a0<\/span><b>pagar el costo del env\u00edo<\/b><span style=\"font-weight: 400;\">.<\/span><\/p><p><span style=\"font-weight: 400;\">No olvides indicarnos cual es la sucursal que te acomoda mas que enviemos tu cajita.<\/span><\/p><\/div>\n\t\t\t\t<\/div>\n\t\t\t\t\t\t\t<div class=\"elementor-accordion-item\">\n\t\t\t\t\t<div id=\"elementor-tab-title-1367\" class=\"elementor-tab-title\" data-tab=\"7\" role=\"button\" aria-controls=\"elementor-tab-content-1367\" aria-expanded=\"false\">\n\t\t\t\t\t\t\t\t\t\t\t\t\t<span class=\"elementor-accordion-icon elementor-accordion-icon-right\" aria-hidden=\"true\">\n\t\t\t\t\t\t\t\t\t\t\t\t\t\t\t<span class=\"elementor-accordion-icon-closed\"><i class=\"fas fa-chevron-down\"><\/i><\/span>\n\t\t\t\t\t\t\t\t<span class=\"elementor-accordion-icon-opened\"><i class=\"fas fa-chevron-up\"><\/i><\/span>\n\t\t\t\t\t\t\t\t\t\t\t\t\t\t<\/span>\n\t\t\t\t\t\t\t\t\t\t\t\t<a class=\"elementor-accordion-title\" tabindex=\"0\">\u00bfC\u00f3mo comprar en Jard\u00edn de Corazones?<\/a>\n\t\t\t\t\t<\/div>\n\t\t\t\t\t<div id=\"elementor-tab-content-1367\" class=\"elementor-tab-content elementor-clearfix\" data-tab=\"7\" role=\"region\" aria-labelledby=\"elementor-tab-title-1367\"><p><span style=\"font-weight: 400;\">Comprar es muy f\u00e1cil y seguro. A continuaci\u00f3n, te brindamos algunos datos importantes que pueden ayudarte al momento de realizar tu compra.\u00a0<\/span><\/p><p><span style=\"font-weight: 400;\"><strong>PASO 1:<\/strong>\u00a0<\/span><\/p><p><span style=\"font-weight: 400;\">Te recomendamos que te registres en nuestro sitio web, para hacer mas sencillo el proceso de compra (no es obligatorio para comprar)<\/span><\/p><p><span style=\"font-weight: 400;\">Puedes registrarte haciendo click <\/span><span style=\"font-weight: 400;\">linK <a href=\"https:\/\/jardindecorazones.cl\/mi-cuenta\/?action=register\">AQUI<\/a><\/span><span style=\"font-weight: 400;\"><br \/><\/span><\/p><p><strong>PASO 2:<\/strong><\/p><p><span style=\"font-weight: 400;\">Agrega al Carro de compras los productos de tu inter\u00e9s.<\/span><\/p><p><span style=\"font-weight: 400;\">Revisa el Carro para asegurar que marcaste bien los productos y cantidades.<\/span><\/p><p><strong>PASO 3:<\/strong><\/p><p><span style=\"font-weight: 400;\">Verifica\/ingresa la direcci\u00f3n de env\u00edo.<\/span><\/p><p><strong>Paso 4:<\/strong><\/p><p><span style=\"font-weight: 400;\">Una vez que hayas escogido todos los productos que quieras comprar, revisa tu pedido y paga tu compra.<\/span><\/p><p><strong>Paso 5:<\/strong><\/p><p><span style=\"font-weight: 400;\">Nosotros recibiremos tu pago, lo confirmaremos en nuestra cuenta bancaria.<\/span><\/p><p><span style=\"font-weight: 400;\">Prepararemos tu pedido y te enviaremos el n\u00famero de seguimiento.<\/span><\/p><p><span style=\"font-weight: 400;\">Ahora solo queda esperar la llegada de tu producto <\/span><span style=\"font-weight: 400;\">\u263a<\/span><\/p><p><span style=\"font-weight: 400;\">* Los despachos est\u00e1n funcionando con normalidad a todo Chile, utilizando los plazos m\u00e1ximos de entrega.\u00a0<\/span><\/p><p><span style=\"font-weight: 400;\">Despachamos <\/span><b>MI\u00c9RCOLES<\/b><span style=\"font-weight: 400;\"> y <\/span><b>S\u00c1BADOS<\/b><span style=\"font-weight: 400;\"> (Pero hacemos excepciones, preg\u00fantanos y te podremos ayudar <\/span><span style=\"font-weight: 400;\">\u263a<\/span><span style=\"font-weight: 400;\">)<\/span><\/p><\/div>\n\t\t\t\t<\/div>\n\t\t\t\t\t\t\t<div class=\"elementor-accordion-item\">\n\t\t\t\t\t<div id=\"elementor-tab-title-1368\" class=\"elementor-tab-title\" data-tab=\"8\" role=\"button\" aria-controls=\"elementor-tab-content-1368\" aria-expanded=\"false\">\n\t\t\t\t\t\t\t\t\t\t\t\t\t<span class=\"elementor-accordion-icon elementor-accordion-icon-right\" aria-hidden=\"true\">\n\t\t\t\t\t\t\t\t\t\t\t\t\t\t\t<span class=\"elementor-accordion-icon-closed\"><i class=\"fas fa-chevron-down\"><\/i><\/span>\n\t\t\t\t\t\t\t\t<span class=\"elementor-accordion-icon-opened\"><i class=\"fas fa-chevron-up\"><\/i><\/span>\n\t\t\t\t\t\t\t\t\t\t\t\t\t\t<\/span>\n\t\t\t\t\t\t\t\t\t\t\t\t<a class=\"elementor-accordion-title\" tabindex=\"0\">\u00bfC\u00f3mo me registro en el sitio de Jard\u00edn de Corazones?<\/a>\n\t\t\t\t\t<\/div>\n\t\t\t\t\t<div id=\"elementor-tab-content-1368\" class=\"elementor-tab-content elementor-clearfix\" data-tab=\"8\" role=\"region\" aria-labelledby=\"elementor-tab-title-1368\"><p><span style=\"font-weight: 400;\">Haz click en\u00a0<\/span><b>\u00abIngresar\/Registrarse\u00bb<\/b><span style=\"font-weight: 400;\">\u00a0en la parte superior derecha del sitio.\u00a0<\/span><\/p><p><span style=\"font-weight: 400;\">Ser\u00e1s dirigido autom\u00e1ticamente a la p\u00e1gina para ingresar o crear tu cuenta.\u00a0<\/span><\/p><p><b>Si no tienes una cuenta, aparecer\u00e1 la opci\u00f3n <\/b><a href=\"https:\/\/jardindecorazones.cl\/mi-cuenta\/?action=register\"><b>CREAR UNA CUENTA<\/b><\/a><\/p><p><span style=\"font-weight: 400;\">Debes\u00a0completar el formulario y crear tu cuenta, te enviaremos una contrase\u00f1a temporal a tu email registrado.\u00a0<\/span><\/p><p><span style=\"font-weight: 400;\">Jard\u00edn de corazones posee una pol\u00edtica de privacidad por la cual ning\u00fan dato personal ser\u00e1 divulgado a terceros bajo ninguna circunstancia.<\/span><span style=\"font-weight: 400;\">Recuerda que registrarse no es obligatorio para adquirir nuestros accesorios\u2026. pero har\u00e1 m\u00e1s sencillo el proceso\u00a0<\/span><span style=\"font-weight: 400;\">\u263a<\/span><\/p><\/div>\n\t\t\t\t<\/div>\n\t\t\t\t\t\t\t<div class=\"elementor-accordion-item\">\n\t\t\t\t\t<div id=\"elementor-tab-title-1369\" class=\"elementor-tab-title\" data-tab=\"9\" role=\"button\" aria-controls=\"elementor-tab-content-1369\" aria-expanded=\"false\">\n\t\t\t\t\t\t\t\t\t\t\t\t\t<span class=\"elementor-accordion-icon elementor-accordion-icon-right\" aria-hidden=\"true\">\n\t\t\t\t\t\t\t\t\t\t\t\t\t\t\t<span class=\"elementor-accordion-icon-closed\"><i class=\"fas fa-chevron-down\"><\/i><\/span>\n\t\t\t\t\t\t\t\t<span class=\"elementor-accordion-icon-opened\"><i class=\"fas fa-chevron-up\"><\/i><\/span>\n\t\t\t\t\t\t\t\t\t\t\t\t\t\t<\/span>\n\t\t\t\t\t\t\t\t\t\t\t\t<a class=\"elementor-accordion-title\" tabindex=\"0\">\u00bfC\u00f3mo puedo recuperar mi contrase\u00f1a?<\/a>\n\t\t\t\t\t<\/div>\n\t\t\t\t\t<div id=\"elementor-tab-content-1369\" class=\"elementor-tab-content elementor-clearfix\" data-tab=\"9\" role=\"region\" aria-labelledby=\"elementor-tab-title-1369\"><p><span style=\"font-weight: 400;\">Ingresa a \u00ab<\/span><b>Olvid\u00e9 mi contrase\u00f1a\u00bb<\/b><span style=\"font-weight: 400;\">\u00a0e informa tu mail registrado para que te enviemos una nueva contrase\u00f1a de acceso. Para tu seguridad, en lugar de enviarte tu contrase\u00f1a anterior crearemos una nueva.<\/span><\/p><\/div>\n\t\t\t\t<\/div>\n\t\t\t\t\t\t\t\t<\/div>\n\t\t\t\t\t\t<\/div>\n\t\t\t\t<\/div>\n\t\t\t\t\t<\/div>\n\t\t<\/div>\n\t\t\t\t<div class=\"elementor-column elementor-col-50 elementor-top-column elementor-element elementor-element-4241419\" data-id=\"4241419\" data-element_type=\"column\" data-e-type=\"column\">\n\t\t\t<div class=\"elementor-widget-wrap elementor-element-populated\">\n\t\t\t\t\t\t<div class=\"elementor-element elementor-element-4972317 wd-width-100 elementor-widget elementor-widget-wd_title\" data-id=\"4972317\" data-element_type=\"widget\" data-e-type=\"widget\" data-widget_type=\"wd_title.default\">\n\t\t\t\t<div class=\"elementor-widget-container\">\n\t\t\t\t\t\t\t<div class=\"title-wrapper wd-set-mb reset-last-child wd-title-color-default wd-title-style-default wd-title-size-default text-left\">\n\n\t\t\t\n\t\t\t<div class=\"liner-continer\">\n\t\t\t\t<h4 class=\"woodmart-title-container title wd-fontsize-l\">INFORMACI\u00d3N POST-VENTA<\/h4> \n\t\t\t\t\t\t\t<\/div>\n\n\t\t\t\t\t<\/div>\n\t\t\t\t\t\t<\/div>\n\t\t\t\t<\/div>\n\t\t\t\t<div class=\"elementor-element elementor-element-1639874 wd-accordion-theme-style elementor-widget elementor-widget-accordion\" data-id=\"1639874\" data-element_type=\"widget\" data-e-type=\"widget\" data-widget_type=\"accordion.default\">\n\t\t\t\t<div class=\"elementor-widget-container\">\n\t\t\t\t\t\t\t<div class=\"elementor-accordion\">\n\t\t\t\t\t\t\t<div class=\"elementor-accordion-item\">\n\t\t\t\t\t<div id=\"elementor-tab-title-2331\" class=\"elementor-tab-title\" data-tab=\"1\" role=\"button\" aria-controls=\"elementor-tab-content-2331\" aria-expanded=\"false\">\n\t\t\t\t\t\t\t\t\t\t\t\t\t<span class=\"elementor-accordion-icon elementor-accordion-icon-right\" aria-hidden=\"true\">\n\t\t\t\t\t\t\t\t\t\t\t\t\t\t\t<span class=\"elementor-accordion-icon-closed\"><i class=\"fas fa-chevron-down\"><\/i><\/span>\n\t\t\t\t\t\t\t\t<span class=\"elementor-accordion-icon-opened\"><i class=\"fas fa-chevron-up\"><\/i><\/span>\n\t\t\t\t\t\t\t\t\t\t\t\t\t\t<\/span>\n\t\t\t\t\t\t\t\t\t\t\t\t<a class=\"elementor-accordion-title\" tabindex=\"0\">Garant\u00eda por da\u00f1o en el env\u00edo<\/a>\n\t\t\t\t\t<\/div>\n\t\t\t\t\t<div id=\"elementor-tab-content-2331\" class=\"elementor-tab-content elementor-clearfix\" data-tab=\"1\" role=\"region\" aria-labelledby=\"elementor-tab-title-2331\"><p><span style=\"font-weight: 400;\">Si te das cuenta al momento de abrir tu producto que \u00e9ste presenta un\u00a0<\/span><b>DA\u00d1O<\/b><span style=\"font-weight: 400;\">\u00a0(trizadura, golpe) o anomal\u00eda en tu pedido, debes reportarlo inmediatamente, es decir, en un plazo NO mayor a 24 Horas desde que recibiste tu producto\u00a0a nuestras redes sociales o correo.\u00a0<\/span><\/p><p><span style=\"font-weight: 400;\">Si excedes este plazo no se har\u00e1 efectivo el cambio del producto, ya que se asumir\u00e1 que el producto se da\u00f1\u00f3 por mal uso.<\/span><\/p><\/div>\n\t\t\t\t<\/div>\n\t\t\t\t\t\t\t<div class=\"elementor-accordion-item\">\n\t\t\t\t\t<div id=\"elementor-tab-title-2332\" class=\"elementor-tab-title\" data-tab=\"2\" role=\"button\" aria-controls=\"elementor-tab-content-2332\" aria-expanded=\"false\">\n\t\t\t\t\t\t\t\t\t\t\t\t\t<span class=\"elementor-accordion-icon elementor-accordion-icon-right\" aria-hidden=\"true\">\n\t\t\t\t\t\t\t\t\t\t\t\t\t\t\t<span class=\"elementor-accordion-icon-closed\"><i class=\"fas fa-chevron-down\"><\/i><\/span>\n\t\t\t\t\t\t\t\t<span class=\"elementor-accordion-icon-opened\"><i class=\"fas fa-chevron-up\"><\/i><\/span>\n\t\t\t\t\t\t\t\t\t\t\t\t\t\t<\/span>\n\t\t\t\t\t\t\t\t\t\t\t\t<a class=\"elementor-accordion-title\" tabindex=\"0\">\u00bfCuales son los cuidados B\u00e1sicos de las joyas?<\/a>\n\t\t\t\t\t<\/div>\n\t\t\t\t\t<div id=\"elementor-tab-content-2332\" class=\"elementor-tab-content elementor-clearfix\" data-tab=\"2\" role=\"region\" aria-labelledby=\"elementor-tab-title-2332\"><ul><li style=\"font-weight: 400;\" aria-level=\"1\"><span style=\"font-weight: 400;\">Limpiarlas con pa\u00f1o suave y seco antes y despu\u00e9s de usarlas.\u00a0<\/span><\/li><li style=\"font-weight: 400;\" aria-level=\"1\"><span style=\"font-weight: 400;\">No usar cuando se hace deporte o al transpirar.\u00a0<\/span><\/li><li style=\"font-weight: 400;\" aria-level=\"1\"><span style=\"font-weight: 400;\">Guardar en un lugar seco, oscuro, libre de polvo y lejos de la humedad.<\/span><\/li><li style=\"font-weight: 400;\" aria-level=\"1\"><span style=\"font-weight: 400;\">No exponer al agua y evitar contacto directo con perfumes, cremas y sustancias que contengan productos qu\u00edmicos, ya que pueden mancharlas, opacarlas u oxidarlas.\u00a0<\/span><\/li><li style=\"font-weight: 400;\" aria-level=\"1\">\u00a0<\/li><\/ul><\/div>\n\t\t\t\t<\/div>\n\t\t\t\t\t\t\t\t<\/div>\n\t\t\t\t\t\t<\/div>\n\t\t\t\t<\/div>\n\t\t\t\t\t<\/div>\n\t\t<\/div>\n\t\t\t\t\t<\/div>\n\t\t<\/section>\n\t\t\t\t<\/div>\n\t\t","protected":false},"excerpt":{"rendered":"<p>PREGUNTAS SOBRE LAS COMPRAS \u00bfExiste un monto m\u00ednimo de compra? S\u00ed, El m\u00ednimo de compra es de 2 accesorios, esto<\/p>\n","protected":false},"author":1,"featured_media":0,"parent":0,"menu_order":0,"comment_status":"closed","ping_status":"closed","template":"","meta":{"footnotes":""},"class_list":["post-658","page","type-page","status-publish","hentry"],"_links":{"self":[{"href":"https:\/\/jardindecorazones.cl\/index.php?rest_route=\/wp\/v2\/pages\/658","targetHints":{"allow":["GET"]}}],"collection":[{"href":"https:\/\/jardindecorazones.cl\/index.php?rest_route=\/wp\/v2\/pages"}],"about":[{"href":"https:\/\/jardindecorazones.cl\/index.php?rest_route=\/wp\/v2\/types\/page"}],"author":[{"embeddable":true,"href":"https:\/\/jardindecorazones.cl\/index.php?rest_route=\/wp\/v2\/users\/1"}],"replies":[{"embeddable":true,"href":"https:\/\/jardindecorazones.cl\/index.php?rest_route=%2Fwp%2Fv2%2Fcomments&post=658"}],"version-history":[{"count":87,"href":"https:\/\/jardindecorazones.cl\/index.php?rest_route=\/wp\/v2\/pages\/658\/revisions"}],"predecessor-version":[{"id":12218,"href":"https:\/\/jardindecorazones.cl\/index.php?rest_route=\/wp\/v2\/pages\/658\/revisions\/12218"}],"wp:attachment":[{"href":"https:\/\/jardindecorazones.cl\/index.php?rest_route=%2Fwp%2Fv2%2Fmedia&parent=658"}],"curies":[{"name":"wp","href":"https:\/\/api.w.org\/{rel}","templated":true}]}}